{"id":2882,"date":"2025-08-14T11:59:06","date_gmt":"2025-08-14T09:59:06","guid":{"rendered":"https:\/\/borgomandoleto.com\/it\/accessibility-statement\/"},"modified":"2025-08-14T12:45:01","modified_gmt":"2025-08-14T10:45:01","slug":"accessibility-statement","status":"publish","type":"page","link":"https:\/\/borgomandoleto.com\/it\/accessibility-statement\/","title":{"rendered":"Dichiarazione di Accessibilit\u00e0"},"content":{"rendered":"\r\n<h6 class=\"wp-block-heading has-text-align-center\">Dichiarazione di accessibilit\u00e0 per https:\/\/borgomandoleto.com<\/h6>\r\n\r\n\r\n\r\n<p><strong>Societ\u00e0 Agricola Borgo Mandoleto srl<\/strong> si impegna a garantire l&#8217;accessibilit\u00e0 digitale alle persone disabilizzate. Miglioriamo continuamente l&#8217;esperienza d&#8217;uso per tutte le persone che accedono al sito e applichiamo i relativi standard di accessibilit\u00e0.<\/p>\r\n\r\n\r\n\r\n<h6 class=\"wp-block-heading\">Stato di conformit\u00e0<\/h6>\r\n\r\n\r\n\r\n<p>Le Linee guida per l\u2019accessibilit\u00e0 dei contenuti eeb (WCAG) definiscono i requisiti per chi crea e sviluppa i siti per migliorare l&#8217;accessibilit\u00e0 per le persone disabilizzate. Definiscono tre livelli di conformit\u00e0: Livello A, Livello AA e Livello AAA.<\/p>\r\n\r\n\r\n\r\n<p><strong>Societ\u00e0 Agricola Borgo Mandoleto srl<\/strong> si impegna costantemente per migliorare l&#8217;accessibilit\u00e0 del suo sito e dei suoi servizi, nella convinzione che sia nostro obbligo morale collettivo consentire un utilizzo scorrevole, accessibile e senza ostacoli per le persone che sono disabilizzate.<\/p>\r\n\r\n\r\n\r\n<p>Il nostro obiettivo \u00e8 rendere accessibili tutte le pagine e i contenuti di <strong>https:\/\/borgomandoleto.com<\/strong>, ma alcuni contenuti potrebbero non soddisfare ancora pienamente i pi\u00f9 elevati standard di accessibilit\u00e0. Ci\u00f2 potrebbe essere dovuto alle difficolt\u00e0 nell&#8217;individuare la soluzione tecnologica pi\u00f9 adatta.<\/p>\r\n\r\n\r\n\r\n<p>Potremmo rivedere periodicamente la presente Informativa per riflettere miglioramenti o modifiche alle nostre pratiche di accessibilit\u00e0.<\/p>\r\n\r\n\r\n\r\n<h6 class=\"wp-block-heading\">Feedback<\/h6>\r\n\r\n\r\n\r\n<p>Apprezziamo il tuo feedback sull&#8217;accessibilit\u00e0 del sito web <strong>Societ\u00e0 Agricola Borgo Mandoleto srl<\/strong>. Facci sapere se riscontri barriere di accessibilit\u00e0 sul nostro sito web:<\/p>\r\n\r\n\r\n\r\n<p>E-mail: <strong>amministrazione@borgomandoleto.it<\/strong><\/p>\r\n\r\n\r\n\r\n<p>Cerchiamo di rispondere ai feedback entro 3-5 giorni lavorativi.<\/p>\r\n\r\n\r\n\r\n<p>Questa dichiarazione \u00e8 stata creata il 14\/08\/2025.<\/p>\r\n","protected":false},"excerpt":{"rendered":"<p>Dichiarazione di accessibilit\u00e0 per https:\/\/borgomandoleto.com Societ\u00e0 Agricola Borgo Mandoleto srl si impegna a garantire l&#8217;accessibilit\u00e0 digitale alle persone disabilizzate. Miglioriamo continuamente l&#8217;esperienza d&#8217;uso per tutte le persone che accedono al sito e applichiamo i relativi standard di accessibilit\u00e0. Stato di conformit\u00e0 Le Linee guida per l\u2019accessibilit\u00e0 dei contenuti eeb (WCAG) definiscono i requisiti per chi [&hellip;]<\/p>\n","protected":false},"author":1,"featured_media":0,"parent":0,"menu_order":0,"comment_status":"closed","ping_status":"closed","template":"","meta":{"footnotes":"","_links_to":"","_links_to_target":""},"class_list":["post-2882","page","type-page","status-publish","hentry"],"aioseo_notices":[],"_links":{"self":[{"href":"https:\/\/borgomandoleto.com\/it\/wp-json\/wp\/v2\/pages\/2882","targetHints":{"allow":["GET"]}}],"collection":[{"href":"https:\/\/borgomandoleto.com\/it\/wp-json\/wp\/v2\/pages"}],"about":[{"href":"https:\/\/borgomandoleto.com\/it\/wp-json\/wp\/v2\/types\/page"}],"author":[{"embeddable":true,"href":"https:\/\/borgomandoleto.com\/it\/wp-json\/wp\/v2\/users\/1"}],"replies":[{"embeddable":true,"href":"https:\/\/borgomandoleto.com\/it\/wp-json\/wp\/v2\/comments?post=2882"}],"version-history":[{"count":0,"href":"https:\/\/borgomandoleto.com\/it\/wp-json\/wp\/v2\/pages\/2882\/revisions"}],"wp:attachment":[{"href":"https:\/\/borgomandoleto.com\/it\/wp-json\/wp\/v2\/media?parent=2882"}],"curies":[{"name":"wp","href":"https:\/\/api.w.org\/{rel}","templated":true}]}}