{"id":2011,"date":"2022-03-09T18:02:08","date_gmt":"2022-03-09T17:02:08","guid":{"rendered":"http:\/\/borgomandoleto.com\/?page_id=2011"},"modified":"2025-08-12T18:46:57","modified_gmt":"2025-08-12T16:46:57","slug":"demandes-dinformations","status":"publish","type":"page","link":"https:\/\/borgomandoleto.com\/fr\/demandes-dinformations\/","title":{"rendered":"Demandes d&rsquo;Informations"},"content":{"rendered":"\n<div class=\"wpcf7 no-js\" id=\"wpcf7-f2023-o1\" lang=\"it-IT\" dir=\"ltr\" data-wpcf7-id=\"2023\">\n<div class=\"screen-reader-response\"><p role=\"status\" aria-live=\"polite\" aria-atomic=\"true\"><\/p> <ul><\/ul><\/div>\n<form action=\"\/fr\/wp-json\/wp\/v2\/pages\/2011#wpcf7-f2023-o1\" method=\"post\" class=\"wpcf7-form init\" aria-label=\"Modulo di contatto\" novalidate=\"novalidate\" data-status=\"init\">\n<fieldset class=\"hidden-fields-container\"><input type=\"hidden\" name=\"_wpcf7\" value=\"2023\" \/><input type=\"hidden\" name=\"_wpcf7_version\" value=\"6.1.5\" \/><input type=\"hidden\" name=\"_wpcf7_locale\" value=\"it_IT\" \/><input type=\"hidden\" name=\"_wpcf7_unit_tag\" value=\"wpcf7-f2023-o1\" \/><input type=\"hidden\" name=\"_wpcf7_container_post\" value=\"0\" \/><input type=\"hidden\" name=\"_wpcf7_posted_data_hash\" value=\"\" \/>\n<\/fieldset>\n<p><label> Votre Nom (*)<br \/>\n<span class=\"wpcf7-form-control-wrap\" data-name=\"your-name\"><input size=\"40\" maxlength=\"400\" class=\"wpcf7-form-control wpcf7-text wpcf7-validates-as-required\" aria-required=\"true\" aria-invalid=\"false\" value=\"\" type=\"text\" name=\"your-name\" \/><\/span> <\/label>\n<\/p>\n<p><label> Votre email (*)<br \/>\n<span class=\"wpcf7-form-control-wrap\" data-name=\"your-email\"><input size=\"40\" maxlength=\"400\" class=\"wpcf7-form-control wpcf7-email wpcf7-validates-as-required wpcf7-text wpcf7-validates-as-email\" aria-required=\"true\" aria-invalid=\"false\" value=\"\" type=\"email\" name=\"your-email\" \/><\/span> <\/label>\n<\/p>\n<p><span id=\"email-address\" class=\"wpcf7-form-control-wrap email-address-wrap\" ><label for=\"email-address\" class=\"hp-message\">Si prega di lasciare vuoto questo campo.<\/label><input id=\"email-address\"  class=\"wpcf7-form-control wpcf7-text email-address\" type=\"text\" name=\"email-address\" value=\"\" size=\"40\" tabindex=\"-1\" autocomplete=\"new-password\" \/><\/span>\n<\/p>\n<p><label> Objet<br \/>\n<span class=\"wpcf7-form-control-wrap\" data-name=\"your-subject\"><input size=\"40\" maxlength=\"400\" class=\"wpcf7-form-control wpcf7-text\" aria-invalid=\"false\" value=\"\" type=\"text\" name=\"your-subject\" \/><\/span> <\/label>\n<\/p>\n<p><label> Votre Message<br \/>\n<span class=\"wpcf7-form-control-wrap\" data-name=\"your-message\"><textarea cols=\"40\" rows=\"10\" maxlength=\"2000\" class=\"wpcf7-form-control wpcf7-textarea\" aria-invalid=\"false\" name=\"your-message\"><\/textarea><\/span> <\/label>\n<\/p>\n<p><label style=\"display:flex;align-items:flex-start;gap:10px;padding:12px;border:1px solid #e5e7eb;border-left:4px solid #b00020;background:#fff8f8;margin:12px 0;font-size:14px;line-height:1.45;border-radius:0;\"><br \/>\n<span style=\"font-size:11px;line-height:1;padding:3px 6px;background:#fdecea;color:#b00020;font-weight:700;letter-spacing:.02em;flex:0 0 auto;border-radius:0;\">*N\u00c9CESSAIRE<\/span><br \/>\n<span class=\"wpcf7-form-control-wrap\" data-name=\"acceptance-636\"><span class=\"wpcf7-form-control wpcf7-acceptance\"><span class=\"wpcf7-list-item\"><input type=\"checkbox\" name=\"acceptance-636\" value=\"1\" aria-invalid=\"false\" \/><\/span><\/span><\/span><br \/>\n<span>J'ai lu la politique de <a href=\"https:\/\/www.iubenda.com\/privacy-policy\/53585790\" class=\"iubenda-nostyle no-brand iubenda-noiframe iubenda-embed iubenda-noiframe\" title=\"Privacy\">Privacy<\/a> et je consens au traitement de mes donn\u00e9es personnelles conform\u00e9ment au r\u00e8glement (UE) n\u00b0 679\/2016 (GDPR).<br \/>\n<\/span><br \/>\n<\/label>\n<\/p>\n<p><label style=\"display:flex;align-items:center;gap:8px;margin:10px 0 6px;line-height:1.4;font-size:14px;\"><br \/>\n\n\n\t\t\t\t\t\t\t<span class=\"wpcf7-form-control-wrap mailpoetsignup-137\">\n\t\t\t<span class=\"wpcf7-form-control wpcf7-mailpoetsignup\">\n\t\t\t\t<label class=\"wpcf7-list-label\">\n\t\t\t\t<input type=\"checkbox\"\n\t\t\t\tname=\"mailpoetsignup-137[]\" value=\"\n\t\t\t\t\t\t\t\t\t\tLista Iscritti FR\t\t\t\t\"\n\t\t\t\tid=\"\" class=\"\"\n\t\t\t\t\t\t\t\t\/>\t\t\t\t\t<input type=\"hidden\" name=\"fieldVal\"  value=\"\n\t\t\t\t\t4\t\t\t\t\t\"\n\t\t\t\t<\/label>\n\t\t\t\t<br\/>\n\t\t\t\t<\/span>\n\n\t\t\t\t<\/span>\n\n\t\t\t\t<br \/>\n<span>(facultatif) Inscrivez-vous pour recevoir la Newsletter, des mises \u00e0 jour sur les promotions sp\u00e9ciales et plus encore.<\/span><br \/>\n<\/label>\n<\/p>\n<p><input class=\"wpcf7-form-control wpcf7-submit has-spinner\" type=\"submit\" value=\"Soumettre\" \/>\n<\/p><div class=\"wpcf7-response-output\" aria-hidden=\"true\"><\/div>\n<\/form>\n<\/div>\n\n","protected":false},"excerpt":{"rendered":"","protected":false},"author":1,"featured_media":0,"parent":0,"menu_order":0,"comment_status":"closed","ping_status":"closed","template":"template-contact.php","meta":{"footnotes":"","_links_to":"","_links_to_target":""},"class_list":["post-2011","page","type-page","status-publish","hentry"],"aioseo_notices":[],"_links":{"self":[{"href":"https:\/\/borgomandoleto.com\/fr\/wp-json\/wp\/v2\/pages\/2011","targetHints":{"allow":["GET"]}}],"collection":[{"href":"https:\/\/borgomandoleto.com\/fr\/wp-json\/wp\/v2\/pages"}],"about":[{"href":"https:\/\/borgomandoleto.com\/fr\/wp-json\/wp\/v2\/types\/page"}],"author":[{"embeddable":true,"href":"https:\/\/borgomandoleto.com\/fr\/wp-json\/wp\/v2\/users\/1"}],"replies":[{"embeddable":true,"href":"https:\/\/borgomandoleto.com\/fr\/wp-json\/wp\/v2\/comments?post=2011"}],"version-history":[{"count":0,"href":"https:\/\/borgomandoleto.com\/fr\/wp-json\/wp\/v2\/pages\/2011\/revisions"}],"wp:attachment":[{"href":"https:\/\/borgomandoleto.com\/fr\/wp-json\/wp\/v2\/media?parent=2011"}],"curies":[{"name":"wp","href":"https:\/\/api.w.org\/{rel}","templated":true}]}}